{"id":492,"date":"2024-01-15T16:56:28","date_gmt":"2024-01-15T14:56:28","guid":{"rendered":"https:\/\/poseidonio.gr\/DEMO\/%ce%b5%cf%80%ce%b9%ce%ba%ce%bf%ce%b9%ce%bd%cf%89%ce%bd%ce%af%ce%b1\/"},"modified":"2024-09-26T18:15:37","modified_gmt":"2024-09-26T16:15:37","slug":"contact","status":"publish","type":"page","link":"https:\/\/poseidonio.gr\/fr\/contact\/","title":{"rendered":"Contactez-nous"},"content":{"rendered":"<h1>Contactez nous<\/h1>\n<div>HOTEL POSEIDONIO, NOUS VOUS DONNERONS VOUS SERVIR !<\/div>\n<ul>\n<li>\n<h2>H\u00f4tel et R\u00e9servations<\/h2>\n<p>Responsable des r\u00e9servations<\/p>\n<div>Stephanou Evangelia<br \/><a href=\"mailto:info@poseidonio.gr\">info@poseidonio.gr<\/a><\/p>\n<p><a class=\"uk-link-text\" href=\"tel:+30  22830 23123\"> + 30  22830 23123<\/a><br \/>\n<a class=\"uk-link-text\" href=\"tel:+ 30 22830 23121\">+ 30 22830 23121<\/a>\n<\/p>\n<\/div>\n<\/li>\n<li>\n<h2>Service de r\u00e9ception et de conciergerie<\/h2>\n<p>Responsable des r\u00e9servations<\/p>\n<div>Stefanou Ioanna<br \/>\n<a href=\"mailto:ioanna@poseidonio.gr\">ioanna@poseidonio.gr<\/a><\/p>\n<p><a class=\"uk-link-text\" href=\"tel:+30  22830 23123\">+ 30  22830 23123<\/a><br \/>\n<a class=\"uk-link-text\" href=\"tel:+ 30 22830 23121\">+ 30 22830 23121<\/a>\n<\/p>\n<\/div>\n<\/li>\n<li>\n<h2>Heures de service<\/h2>\n<p>Heures<\/p>\n<div>Du Lundi au Vendredi: 8h00 &#8211; 22h00<br \/>\nDu Samedi au Dimanche: 8h00 &#8211; 22h00<\/div>\n<\/li>\n<li>\n<h2>Check In et Check Out<\/h2>\n<p>Heures<\/p>\n<div>\n<p>Check In 15:00 \u2013 23:00<br \/>Check Out 07:00 \u2013 11:00<\/p>\n<\/div>\n<\/li>\n<\/ul>\n<div>\n<p>37.5375,25.1623<\/p>\n<h3>H\u00f4tel Poseidonio<\/h3>\n<div>\n<p><a href=\"https:\/\/goo.gl\/maps\/sHdkie8hAFS2\" target=\"_blank\">Trouvez-nous sur la carte<\/a><\/p>\n<\/div>\n<\/div>\n<h2>DIRECTIONS DE TRANSPORT<\/h2>\n<ul>\n<li>\n<h2>Connexion c\u00f4ti\u00e8re<\/h2>\n<div>\n<div style=\"text-align: justify;\">Depuis les ports de Rafina et du Pir\u00e9e. Selon le milieu, le trajet dure de 1,5 \u00e0 4 heures et de 2,5 \u00e0 5 heures respectivement. Le port de Tinos est situ\u00e9 \u00e0 Chora. Tinos liaisons par ferry avec les \u00eeles d&rsquo;Andros, Mykonos, Syros, Paros, Naxos, Ios, Santorin et H\u00e9raklion en Cr\u00e8te. Les itin\u00e9raires varient en fonction de la saison touristique.<\/div>\n<\/div>\n<\/li>\n<li>\n<h2>Air Connection<\/h2>\n<div>\n<div style=\"text-align: justify;\">Tinos peut \u00eatre atteint par avion via Mykonos, car il n&rsquo;a pas son propre a\u00e9roport, l&rsquo;a\u00e9roport de Mykonos est de 20 \u00e0 40 minutes en bateau de Tinos.<\/div>\n<\/div>\n<\/li>\n<li>\n<h2>Informations Utiles<\/h2>\n<div>\n<div style=\"text-align: justify;\">Le KTEL d&rsquo;Attiki est reli\u00e9 par des services r\u00e9guliers \u00e0 El. Venizelos avec le port de Rafina.<\/div>\n<ul>\n<li style=\"text-align: justify;\">\n<div>Point de d\u00e9part: D\u00e9part du niveau des arriv\u00e9es, entre les sorties 2 et 3, en face de l&rsquo;a\u00e9roport de l&rsquo;h\u00f4tel.<\/div>\n<\/li>\n<li style=\"text-align: justify;\">\n<div>Distance A\u00e9roport &#8211; Rafina: 20 km Dur\u00e9e: 30 minutes<\/div>\n<\/li>\n<li style=\"text-align: justify;\">\n<div>Horaires: Il y a un bus tous les jours de 06h00 du matin jusqu&rsquo;\u00e0 21h45 le soir.<\/div>\n<\/li>\n<li>\n<div style=\"text-align: justify;\">Fr\u00e9quence de l&rsquo;itin\u00e9raire: Le bus pour Rafina part toutes les heures environ.\n<\/div>\n<\/li>\n<\/ul>\n<\/div>\n<\/li>\n<\/ul>\n<hr>\n<p><!--more--><br \/>\n<!-- {\"type\":\"layout\",\"children\":[{\"type\":\"section\",\"props\":{\"image_position\":\"center-center\",\"padding_remove_bottom\":true,\"style\":\"default\",\"title_breakpoint\":\"xl\",\"title_position\":\"top-left\",\"title_rotation\":\"left\",\"vertical_align\":\"middle\",\"width\":\"default\"},\"children\":[{\"type\":\"row\",\"children\":[{\"type\":\"column\",\"props\":{\"image_position\":\"center-center\",\"position_sticky_breakpoint\":\"m\",\"width_medium\":\"1-1\"},\"children\":[{\"type\":\"headline\",\"props\":{\"content\":\"Contactez nous\",\"title_element\":\"h1\",\"title_style\":\"h2\"}}]}]}]},{\"type\":\"section\",\"props\":{\"animation\":\"fade\",\"image_position\":\"center-center\",\"style\":\"default\",\"title_breakpoint\":\"xl\",\"title_position\":\"top-left\",\"title_rotation\":\"left\",\"vertical_align\":\"middle\",\"width\":\"default\"},\"children\":[{\"type\":\"row\",\"children\":[{\"type\":\"column\",\"props\":{\"image_position\":\"center-center\",\"position_sticky_breakpoint\":\"m\",\"width_medium\":\"1-1\"},\"children\":[{\"type\":\"headline\",\"props\":{\"animation\":\"slide-right\",\"content\":\"HOTEL POSEIDONIO, NOUS VOUS DONNERONS VOUS SERVIR !\",\"title_element\":\"div\",\"title_style\":\"h4\"}}]}]}]},{\"type\":\"section\",\"props\":{\"animation\":\"slide-bottom\",\"animation_delay\":\"200\",\"image_position\":\"center-center\",\"style\":\"default\",\"title_breakpoint\":\"xl\",\"title_position\":\"top-left\",\"title_rotation\":\"left\",\"vertical_align\":\"middle\",\"width\":\"default\"},\"children\":[{\"type\":\"row\",\"children\":[{\"type\":\"column\",\"props\":{\"image_position\":\"center-center\",\"position_sticky_breakpoint\":\"m\",\"width_medium\":\"1-1\"},\"children\":[{\"type\":\"grid\",\"props\":{\"animation\":\"slide-bottom\",\"content_column_breakpoint\":\"m\",\"filter_align\":\"left\",\"filter_all\":true,\"filter_grid_breakpoint\":\"m\",\"filter_grid_width\":\"auto\",\"filter_position\":\"top\",\"filter_style\":\"tab\",\"grid_column_gap\":\"small\",\"grid_default\":\"1\",\"grid_medium\":\"\",\"grid_row_gap\":\"small\",\"grid_small\":\"4\",\"icon_width\":80,\"image_align\":\"top\",\"image_grid_breakpoint\":\"m\",\"image_grid_width\":\"1-2\",\"image_svg_color\":\"emphasis\",\"item_animation\":true,\"link_style\":\"default\",\"link_text\":\"Read more\",\"margin\":\"medium\",\"meta_align\":\"below-title\",\"meta_element\":\"div\",\"meta_margin\":\"small\",\"meta_style\":\"text-meta\",\"parallax_easing\":\"1\",\"show_content\":true,\"show_image\":true,\"show_link\":true,\"show_meta\":true,\"show_title\":true,\"text_align\":\"left\",\"text_align_breakpoint\":\"m\",\"text_align_fallback\":\"center\",\"title_align\":\"top\",\"title_color\":\"muted\",\"title_element\":\"h2\",\"title_grid_breakpoint\":\"m\",\"title_grid_width\":\"1-2\",\"title_hover_style\":\"reset\",\"title_style\":\"h6\"},\"children\":[{\"type\":\"grid_item\",\"props\":{\"content\":\"Stephanou Evangelia<br \\\/><a href=\\\"mailto:info@poseidonio.gr\\\">info@poseidonio.gr<\\\/a>\\n\n\n<p><a class=\\\"uk-link-text\\\" href=\\\"tel:+30  22830 23123\\\"> + 30  22830 23123<\\\/a><br\\\/>\\n<a class=\\\"uk-link-text\\\" href=\\\"tel:+ 30 22830 23121\\\">+ 30 22830 23121<\\\/a>    \\n<\\\/p>\",\"meta\":\"Responsable des r\\u00e9servations\",\"title\":\"H\\u00f4tel et R\\u00e9servations\"}},{\"type\":\"grid_item\",\"props\":{\"content\":\"Stefanou Ioanna<br \\\/>\\n<a href=\\\"mailto:ioanna@poseidonio.gr\\\">ioanna@poseidonio.gr<\\\/a>\\n\n\n<p><a class=\\\"uk-link-text\\\" href=\\\"tel:+30  22830 23123\\\">+ 30  22830 23123<\\\/a><br\\\/>\\n<a class=\\\"uk-link-text\\\" href=\\\"tel:+ 30 22830 23121\\\">+ 30 22830 23121<\\\/a>    \\n<\\\/p>\",\"meta\":\"Responsable des r\\u00e9servations\",\"title\":\"Service de r\\u00e9ception et de conciergerie\"}},{\"type\":\"grid_item\",\"props\":{\"content\":\"Du Lundi au Vendredi: 8h00 - 22h00<br \\\/>\\nDu Samedi au Dimanche: 8h00 - 22h00\",\"meta\":\"Heures\",\"title\":\"Heures de service\"}},{\"type\":\"grid_item\",\"props\":{\"content\":\"\n\n<p>Check In 15:00 \\u2013 23:00<br \\\/>Check Out 07:00 \\u2013 11:00<\\\/p>\",\"meta\":\"Heures\",\"title\":\"Check In et Check Out\"}}]}]}]}]},{\"type\":\"section\",\"props\":{\"image_position\":\"center-center\",\"style\":\"default\",\"title_breakpoint\":\"xl\",\"title_position\":\"top-left\",\"title_rotation\":\"left\",\"vertical_align\":\"middle\",\"width\":\"\"},\"children\":[{\"type\":\"row\",\"children\":[{\"type\":\"column\",\"props\":{\"image_position\":\"center-center\",\"position_sticky_breakpoint\":\"m\",\"width_medium\":\"1-1\"},\"children\":[{\"type\":\"map\",\"props\":{\"controls\":true,\"dragging\":false,\"height\":\"500\",\"image_svg_color\":\"emphasis\",\"link_style\":\"default\",\"link_text\":\"Read more\",\"margin\":\"default\",\"max_zoom\":18,\"meta_align\":\"below-title\",\"meta_element\":\"div\",\"meta_style\":\"text-meta\",\"min_zoom\":0,\"poi\":false,\"show_content\":true,\"show_image\":true,\"show_link\":true,\"show_meta\":true,\"show_title\":true,\"styler_hue\":\"#ed2a9d\",\"title_element\":\"h3\",\"title_hover_style\":\"reset\",\"type\":\"roadmap\",\"zoom\":\"16\",\"zooming\":false},\"children\":[{\"type\":\"map_item\",\"props\":{\"content\":\"\n\n<p><a href=\\\"https:\\\/\\\/goo.gl\\\/maps\\\/sHdkie8hAFS2\\\" target=\\\"_blank\\\">Trouvez-nous sur la carte<\\\/a><\\\/p>\",\"location\":\"37.5375,25.1623\",\"show_popup\":true,\"title\":\"H\\u00f4tel Poseidonio\"}}]}]}]}]},{\"type\":\"section\",\"props\":{\"image_position\":\"center-center\",\"style\":\"default\",\"title_breakpoint\":\"xl\",\"title_position\":\"top-left\",\"title_rotation\":\"left\",\"vertical_align\":\"middle\",\"width\":\"default\"},\"children\":[{\"type\":\"row\",\"children\":[{\"type\":\"column\",\"props\":{\"image_position\":\"center-center\",\"position_sticky_breakpoint\":\"m\",\"width_medium\":\"1-1\"},\"children\":[{\"type\":\"headline\",\"props\":{\"content\":\"DIRECTIONS DE TRANSPORT\",\"text_align\":\"center\",\"title_element\":\"h2\"}},{\"type\":\"grid\",\"props\":{\"content_column_breakpoint\":\"m\",\"filter_align\":\"left\",\"filter_all\":true,\"filter_grid_breakpoint\":\"m\",\"filter_grid_width\":\"auto\",\"filter_position\":\"top\",\"filter_style\":\"tab\",\"grid_column_gap\":\"large\",\"grid_default\":\"1\",\"grid_divider\":true,\"grid_medium\":\"3\",\"grid_row_gap\":\"large\",\"icon_width\":80,\"image_align\":\"top\",\"image_grid_breakpoint\":\"m\",\"image_grid_width\":\"1-2\",\"image_svg_color\":\"emphasis\",\"item_animation\":true,\"item_maxwidth\":\"xlarge\",\"link_style\":\"default\",\"link_text\":\"Read more\",\"margin\":\"large\",\"meta_align\":\"below-title\",\"meta_color\":\"muted\",\"meta_element\":\"div\",\"meta_style\":\"\",\"parallax_easing\":\"1\",\"show_content\":true,\"show_image\":true,\"show_link\":true,\"show_meta\":true,\"show_title\":true,\"text_align\":\"center\",\"title_align\":\"top\",\"title_color\":\"muted\",\"title_element\":\"h2\",\"title_grid_breakpoint\":\"m\",\"title_grid_width\":\"1-2\",\"title_hover_style\":\"reset\",\"title_style\":\"h6\"},\"children\":[{\"type\":\"grid_item\",\"props\":{\"content\":\"\n\n<div style=\\\"text-align: justify;\\\">Depuis les ports de Rafina et du Pir\\u00e9e. Selon le milieu, le trajet dure de 1,5 \\u00e0 4 heures et de 2,5 \\u00e0 5 heures respectivement. Le port de Tinos est situ\\u00e9 \\u00e0 Chora. Tinos liaisons par ferry avec les \\u00eeles d'Andros, Mykonos, Syros, Paros, Naxos, Ios, Santorin et H\\u00e9raklion en Cr\\u00e8te. Les itin\\u00e9raires varient en fonction de la saison touristique.<\\\/div>\",\"title\":\"Connexion c\\u00f4ti\\u00e8re\"}},{\"type\":\"grid_item\",\"props\":{\"content\":\"\n\n<div style=\\\"text-align: justify;\\\">Tinos peut \\u00eatre atteint par avion via Mykonos, car il n'a pas son propre a\\u00e9roport, l'a\\u00e9roport de Mykonos est de 20 \\u00e0 40 minutes en bateau de Tinos.<\\\/div>\",\"title\":\"Air Connection\"}},{\"type\":\"grid_item\",\"props\":{\"content\":\"\n\n<div style=\\\"text-align: justify;\\\">Le KTEL d'Attiki est reli\\u00e9 par des services r\\u00e9guliers \\u00e0 El. Venizelos avec le port de Rafina.<\\\/div>\\n\n\n<ul>\\n\n\n<li style=\\\"text-align: justify;\\\">\\n\n\n<div>Point de d\\u00e9part: D\\u00e9part du niveau des arriv\\u00e9es, entre les sorties 2 et 3, en face de l'a\\u00e9roport de l'h\\u00f4tel.<\\\/div>\\n<\\\/li>\\n\n\n<li style=\\\"text-align: justify;\\\">\\n\n\n<div>Distance A\\u00e9roport - Rafina: 20 km Dur\\u00e9e: 30 minutes<\\\/div>\\n<\\\/li>\\n\n\n<li style=\\\"text-align: justify;\\\">\\n\n\n<div>Horaires: Il y a un bus tous les jours de 06h00 du matin jusqu'\\u00e0 21h45 le soir.<\\\/div>\\n<\\\/li>\\n\n\n<li>\\n\n\n<div style=\\\"text-align: justify;\\\">Fr\\u00e9quence de l'itin\\u00e9raire: Le bus pour Rafina part toutes les heures environ.\\n<\\\/div>\\n<\\\/li>\\n<\\\/ul>\",\"title\":\"Informations Utiles\"}}]},{\"type\":\"divider\",\"props\":{\"divider_element\":\"hr\"}}]}]}]}],\"version\":\"4.2.12\"} --><\/p>\n","protected":false},"excerpt":{"rendered":"<p>Contactez nous HOTEL POSEIDONIO, NOUS VOUS DONNERONS VOUS SERVIR ! H\u00f4tel et R\u00e9servations Responsable des r\u00e9servations Stephanou Evangeliainfo@poseidonio.gr + 30 22830 23123 + 30 22830 23121 Service de r\u00e9ception et de conciergerie Responsable des r\u00e9servations Stefanou Ioanna ioanna@poseidonio.gr + 30 22830 23123 + 30 22830 23121 Heures de service Heures Du Lundi au Vendredi: 8h00 [&hellip;]<\/p>\n","protected":false},"author":1,"featured_media":0,"parent":0,"menu_order":0,"comment_status":"closed","ping_status":"closed","template":"","meta":{"footnotes":""},"class_list":["post-492","page","type-page","status-publish","hentry"],"aioseo_notices":[],"_links":{"self":[{"href":"https:\/\/poseidonio.gr\/fr\/wp-json\/wp\/v2\/pages\/492","targetHints":{"allow":["GET"]}}],"collection":[{"href":"https:\/\/poseidonio.gr\/fr\/wp-json\/wp\/v2\/pages"}],"about":[{"href":"https:\/\/poseidonio.gr\/fr\/wp-json\/wp\/v2\/types\/page"}],"author":[{"embeddable":true,"href":"https:\/\/poseidonio.gr\/fr\/wp-json\/wp\/v2\/users\/1"}],"replies":[{"embeddable":true,"href":"https:\/\/poseidonio.gr\/fr\/wp-json\/wp\/v2\/comments?post=492"}],"version-history":[{"count":2,"href":"https:\/\/poseidonio.gr\/fr\/wp-json\/wp\/v2\/pages\/492\/revisions"}],"predecessor-version":[{"id":838,"href":"https:\/\/poseidonio.gr\/fr\/wp-json\/wp\/v2\/pages\/492\/revisions\/838"}],"wp:attachment":[{"href":"https:\/\/poseidonio.gr\/fr\/wp-json\/wp\/v2\/media?parent=492"}],"curies":[{"name":"wp","href":"https:\/\/api.w.org\/{rel}","templated":true}]}}