{"id":493,"date":"2024-01-15T18:16:54","date_gmt":"2024-01-15T16:16:54","guid":{"rendered":"https:\/\/poseidonio.gr\/DEMO\/%ce%be%ce%b5%ce%bd%ce%bf%ce%b4%ce%bf%cf%87%ce%b5%ce%af%ce%bf-%cf%80%ce%bf%cf%83%ce%b5%ce%b9%ce%b4%cf%8e%ce%bd%ce%b9%ce%bf\/"},"modified":"2024-01-25T13:24:20","modified_gmt":"2024-01-25T11:24:20","slug":"poseidonio-hotel","status":"publish","type":"page","link":"https:\/\/poseidonio.gr\/fr\/poseidonio-hotel\/","title":{"rendered":"Poseidonio H\u00f4tel"},"content":{"rendered":"<h1>poseidonio h\u00f4tel<\/h1>\n<h2>En savoir plus sur nous!<\/h2>\n<p><img decoding=\"async\" src=\"\/DEMO\/wp-content\/uploads\/2024\/01\/poseidonio-hotel-6.jpg\" alt=\"hotels tinos\"><\/p>\n<div>\n<p>Sur la plus belle \u00eele des Cyclades, Tinos, avec les \u00e9l\u00e9ments forts de la culture grecque antique, l&rsquo;architecture incomparable des Cyclades, les belles plages, les villages pittoresques, la mer bleue et le coucher de soleil unique, est Posidonio H\u00f4tel.<\/p>\n<p>C&rsquo;est un h\u00f4tel 2 \u00e9toiles \u00e0 gestion familiale situ\u00e9 au coeur du centre-ville historique, \u00e0 quelques pas de l&rsquo;\u00e9glise d&rsquo;Evangelistria et des rues les plus commer\u00e7antes de la ville. L&#8217;emplacement de l&rsquo;h\u00f4tel vous impressionnera car il est id\u00e9al pour visiter tous les points d&rsquo;int\u00e9r\u00eat du pays de Tinos sans avoir besoin de transport, alors qu&rsquo;il en va de m\u00eame pour vos promenades nocturnes dans la belle vie nocturne de Tinos.<\/p>\n<p>La vue de l&rsquo;h\u00f4tel est vraiment \u00e0 couper le souffle toutes les heures du jour et de la nuit. La journ\u00e9e enchante le blanc \u00e9tincelant des maisons cycladiques et la mer bleu-vert, tandis que la nuit \u00e9voque le visiteur avec les lumi\u00e8res des b\u00e2timents c\u00f4tiers refl\u00e9t\u00e9s dans l&rsquo;eau.<\/p>\n<\/div>\n<div>\n<p>Nos chambres sont \u00e9quip\u00e9es de produits de haute qualit\u00e9 pour votre confort tels que les matelas Greco Strom et les t\u00e9l\u00e9viseurs LED Samsung. Les \u00e9quipements des chambres incluent le wifi gratuit, un coffre-fort, la climatisation, un r\u00e9frig\u00e9rateur et bien s\u00fbr des articles de toilette gratuits et un s\u00e8che-cheveux.<\/p>\n<p>Les couvertures \u00e9lectriques incluses offrent un plaisir suppl\u00e9mentaire dans votre s\u00e9jour, tandis que nous fournissons un service de r\u00e9veil dans toutes les chambres. Dans la chambre double Deluxe, il y a aussi une baignoire spa, qui vous procurera des moments de d\u00e9tente et de bien-\u00eatre complets. Notre r\u00e9ception est toujours disponible pour vous servir 24h \/ 24 et 7j \/ 7 pendant que vous pourrez d\u00e9guster votre caf\u00e9 ou votre boisson dans le caf\u00e9 \/ bar de l&rsquo;h\u00f4tel.<\/p>\n<\/div>\n<p><!--more--><br \/>\n<!-- {\"type\":\"layout\",\"children\":[{\"name\":\"header\",\"type\":\"section\",\"props\":{\"image_position\":\"center-center\",\"style\":\"default\",\"title_breakpoint\":\"xl\",\"title_position\":\"top-left\",\"title_rotation\":\"left\",\"vertical_align\":\"middle\",\"width\":\"default\"},\"children\":[{\"type\":\"row\",\"children\":[{\"type\":\"column\",\"props\":{\"image_position\":\"center-center\",\"position_sticky_breakpoint\":\"m\",\"width_medium\":\"1-1\"},\"children\":[{\"type\":\"headline\",\"props\":{\"content\":\"poseidonio h\\u00f4tel\",\"title_element\":\"h1\",\"title_style\":\"h2\"}},{\"type\":\"headline\",\"props\":{\"content\":\"En savoir plus sur nous!\",\"margin\":\"remove-vertical\",\"title_element\":\"h2\",\"title_style\":\"h4\"}}]}]}]},{\"name\":\"activities\",\"type\":\"section\",\"props\":{\"animation\":\"slide-right-small\",\"header_transparent\":\"dark\",\"image_position\":\"center-center\",\"padding\":\"xlarge\",\"padding_remove_top\":true,\"style\":\"default\",\"title_breakpoint\":\"xl\",\"title_position\":\"top-left\",\"title_rotation\":\"left\",\"vertical_align\":\"middle\",\"width\":\"default\"},\"children\":[{\"type\":\"row\",\"props\":{\"layout\":\"1-2,1-2\",\"match\":true},\"children\":[{\"type\":\"column\",\"props\":{\"image_position\":\"center-center\",\"position_sticky_breakpoint\":\"m\",\"width_medium\":\"1-2\"},\"children\":[{\"type\":\"image\",\"props\":{\"image\":\"wp-content\\\/uploads\\\/2024\\\/01\\\/poseidonio-hotel-6.jpg\",\"image_alt\":\"hotels tinos\",\"image_svg_color\":\"emphasis\",\"margin\":\"default\"}}]},{\"type\":\"column\",\"props\":{\"image_position\":\"center-center\",\"position_sticky_breakpoint\":\"m\",\"width_medium\":\"1-2\"},\"children\":[{\"type\":\"text\",\"props\":{\"column_breakpoint\":\"m\",\"content\":\"\n\n<p>Sur la plus belle \\u00eele des Cyclades, Tinos, avec les \\u00e9l\\u00e9ments forts de la culture grecque antique, l'architecture incomparable des Cyclades, les belles plages, les villages pittoresques, la mer bleue et le coucher de soleil unique, est Posidonio H\\u00f4tel.<\\\/p>\\n\\n\n\n<p>C'est un h\\u00f4tel 2 \\u00e9toiles \\u00e0 gestion familiale situ\\u00e9 au coeur du centre-ville historique, \\u00e0 quelques pas de l'\\u00e9glise d'Evangelistria et des rues les plus commer\\u00e7antes de la ville. L'emplacement de l'h\\u00f4tel vous impressionnera car il est id\\u00e9al pour visiter tous les points d'int\\u00e9r\\u00eat du pays de Tinos sans avoir besoin de transport, alors qu'il en va de m\\u00eame pour vos promenades nocturnes dans la belle vie nocturne de Tinos.<\\\/p>\\n\\n\n\n<p>La vue de l'h\\u00f4tel est vraiment \\u00e0 couper le souffle toutes les heures du jour et de la nuit. La journ\\u00e9e enchante le blanc \\u00e9tincelant des maisons cycladiques et la mer bleu-vert, tandis que la nuit \\u00e9voque le visiteur avec les lumi\\u00e8res des b\\u00e2timents c\\u00f4tiers refl\\u00e9t\\u00e9s dans l'eau.<\\\/p>\",\"dropcap\":true,\"margin\":\"default\",\"text_align\":\"justify\"}}]}]},{\"type\":\"row\",\"children\":[{\"type\":\"column\",\"props\":{\"image_position\":\"center-center\",\"position_sticky_breakpoint\":\"m\"},\"children\":[{\"type\":\"text\",\"props\":{\"column_breakpoint\":\"m\",\"content\":\"\n\n<p>Nos chambres sont \\u00e9quip\\u00e9es de produits de haute qualit\\u00e9 pour votre confort tels que les matelas Greco Strom et les t\\u00e9l\\u00e9viseurs LED Samsung. Les \\u00e9quipements des chambres incluent le wifi gratuit, un coffre-fort, la climatisation, un r\\u00e9frig\\u00e9rateur et bien s\\u00fbr des articles de toilette gratuits et un s\\u00e8che-cheveux.<\\\/p>\\n\\n\n\n<p>Les couvertures \\u00e9lectriques incluses offrent un plaisir suppl\\u00e9mentaire dans votre s\\u00e9jour, tandis que nous fournissons un service de r\\u00e9veil dans toutes les chambres. Dans la chambre double Deluxe, il y a aussi une baignoire spa, qui vous procurera des moments de d\\u00e9tente et de bien-\\u00eatre complets. Notre r\\u00e9ception est toujours disponible pour vous servir 24h \\\/ 24 et 7j \\\/ 7 pendant que vous pourrez d\\u00e9guster votre caf\\u00e9 ou votre boisson dans le caf\\u00e9 \\\/ bar de l'h\\u00f4tel.<\\\/p>\",\"margin\":\"default\"}}]}]}]}],\"version\":\"4.2.12\"} --><\/p>\n","protected":false},"excerpt":{"rendered":"<p>poseidonio h\u00f4tel En savoir plus sur nous! Sur la plus belle \u00eele des Cyclades, Tinos, avec les \u00e9l\u00e9ments forts de la culture grecque antique, l&rsquo;architecture incomparable des Cyclades, les belles plages, les villages pittoresques, la mer bleue et le coucher de soleil unique, est Posidonio H\u00f4tel. C&rsquo;est un h\u00f4tel 2 \u00e9toiles \u00e0 gestion familiale situ\u00e9 [&hellip;]<\/p>\n","protected":false},"author":1,"featured_media":0,"parent":0,"menu_order":0,"comment_status":"closed","ping_status":"closed","template":"","meta":{"footnotes":""},"class_list":["post-493","page","type-page","status-publish","hentry"],"aioseo_notices":[],"_links":{"self":[{"href":"https:\/\/poseidonio.gr\/fr\/wp-json\/wp\/v2\/pages\/493","targetHints":{"allow":["GET"]}}],"collection":[{"href":"https:\/\/poseidonio.gr\/fr\/wp-json\/wp\/v2\/pages"}],"about":[{"href":"https:\/\/poseidonio.gr\/fr\/wp-json\/wp\/v2\/types\/page"}],"author":[{"embeddable":true,"href":"https:\/\/poseidonio.gr\/fr\/wp-json\/wp\/v2\/users\/1"}],"replies":[{"embeddable":true,"href":"https:\/\/poseidonio.gr\/fr\/wp-json\/wp\/v2\/comments?post=493"}],"version-history":[{"count":0,"href":"https:\/\/poseidonio.gr\/fr\/wp-json\/wp\/v2\/pages\/493\/revisions"}],"wp:attachment":[{"href":"https:\/\/poseidonio.gr\/fr\/wp-json\/wp\/v2\/media?parent=493"}],"curies":[{"name":"wp","href":"https:\/\/api.w.org\/{rel}","templated":true}]}}