{"id":495,"date":"2024-01-15T18:20:50","date_gmt":"2024-01-15T16:20:50","guid":{"rendered":"https:\/\/poseidonio.gr\/DEMO\/%cf%80%ce%bf%ce%bb%ce%b9%cf%84%ce%b9%ce%ba%ce%ae-%ce%ba%cf%81%ce%ac%cf%84%ce%b7%cf%83%ce%b7%cf%82\/"},"modified":"2026-04-20T11:43:18","modified_gmt":"2026-04-20T09:43:18","slug":"booking-policy","status":"publish","type":"page","link":"https:\/\/poseidonio.gr\/fr\/booking-policy\/","title":{"rendered":"Politique de r\u00e9servation"},"content":{"rendered":"<h1>POLITIQUE DE R\u00c9SERVATION<\/h1>\n<h2>PLUS D&rsquo;INFORMATIONS SUR L&rsquo;H\u00d4TEL POSEIDONIO<\/h2>\n<div>\n<h5>Prix r\u00e9gulier (Frais r\u00e9guliers)<\/h5>\n<p>Pour les annulations au moins 21 jours avant votre arriv\u00e9e, il n&rsquo;y a pas de frais. En cas d&rsquo;annulation ou de modification ult\u00e9rieure, 30 % du montant total de la r\u00e9servation vous seront factur\u00e9s. A votre arriv\u00e9e au secr\u00e9tariat de notre h\u00f4tel, vous avez la possibilit\u00e9 de choisir le mode de paiement (carte, esp\u00e8ces, paypal, etc.) pour ensuite effectuer le paiement final. En cas de d\u00e9part plus t\u00f4t que la date convenue, sans avertissement pr\u00e9alable et accord de l&rsquo;h\u00f4tel, 100% du montant de la r\u00e9servation vous sera factur\u00e9. Vous serez \u00e9galement factur\u00e9 100% du montant de la r\u00e9servation en cas de non-pr\u00e9sentation.<\/p>\n<h5>OFFRE SP\u00c9CIALE (FRAIS NON REMBOURSABLES)<\/h5>\n<p>Pour les frais non remboursables, votre carte sera d\u00e9bit\u00e9e du montant total de la r\u00e9servation le jour de la r\u00e9servation et de la confirmation de la r\u00e9servation et ce montant n&rsquo;est pas remboursable ! En cas de modification, d&rsquo;annulation, de non-pr\u00e9sentation, le montant total de la r\u00e9servation vous sera factur\u00e9.<\/p>\n<h5>POLITIQUE D&rsquo;ANNULATION<\/h5>\n<p>En cas d&rsquo;annulation, le client sera factur\u00e9 :<\/p>\n<ul>\n<li>0% de la valeur totale si l&rsquo;annulation est faite au moins 21 jours avant la date d&rsquo;arriv\u00e9e.<\/li>\n<li>30% de la valeur totale de la r\u00e9servation si la r\u00e9servation est annul\u00e9e moins de 21 jours \u00e0 compter de la date d&rsquo;arriv\u00e9e pr\u00e9vue.<\/li>\n<li>100% de la valeur totale de la r\u00e9servation si le client ne se pr\u00e9sente pas (non show).<\/li>\n<li>100% de la valeur totale de la r\u00e9servation en cas de d\u00e9part anticip\u00e9, sans pr\u00e9avis ni accord de l&rsquo;h\u00f4tel.<\/li>\n<li>100 % de la valeur totale si les frais de r\u00e9servation sont \u00ab\u00a0non remboursables\u00a0\u00bb.<\/li>\n<\/ul>\n<h5>Parking<\/h5>\n<p>Les options de stationnement suivantes sont propos\u00e9es, sous r\u00e9serve de disponibilit\u00e9, aux clients s\u00e9journant \u00e0 l&rsquo;\u00e9tablissement Poseidonio Hotel :<\/p>\n<ul>\n<li>Parking<\/li>\n<li>Parking gratuit<\/li>\n<li>Places de stationnement dans la rue<\/li>\n<\/ul>\n<h5>\u03a0\u03c1\u03c9\u03b9\u03bd\u03cc<\/h5>\n<p>Les clients ayant d\u00e9j\u00e0 s\u00e9journ\u00e9 \u00e0 l&rsquo;\u00e9tablissement Poseidonio Hotel ont attribu\u00e9 une tr\u00e8s bonne note \u00e0 son petit-d\u00e9jeuner : 8.2. L&rsquo;\u00e9tablissement sert les types de petit-d\u00e9jeuner suivants:<\/p>\n<ul>\n<li>Continental<\/li>\n<li>Buffet<\/li>\n<\/ul>\n<h5>nombre de h\u00e9bergements<\/h5>\n<p>L&rsquo;\u00e9tablissement Poseidonio Hotel propose 31 h\u00e9bergements.<\/p>\n<h5>type de h\u00e9bergements<\/h5>\n<p>L&rsquo;\u00e9tablissement Poseidonio Hotel propose les options d&rsquo;h\u00e9bergement suivantes:<\/p>\n<ul>\n<li>Lit(s) Jumeaux\/Double<\/li>\n<li>Triple<\/li>\n<li>Familiale<\/li>\n<li>Double<\/li>\n<\/ul>\n<h5>Check-in Check-out<\/h5>\n<p>L&rsquo;enregistrement \u00e0 l&rsquo;\u00e9tablissement Poseidonio Hotel se fait \u00e0 partir de 15h00 et le d\u00e9part est possible jusqu&rsquo;\u00e0 11h00.<\/p>\n<h5>Moyens de paiement<\/h5>\n<p>Les moyens de paiement et le moment du r\u00e8glement peuvent varier. L&rsquo;\u00e9tablissement Poseidonio Hotel accepte cependant les moyens de paiement suivants:<\/p>\n<ul>\n<li>Visa<\/li>\n<li>Maestro<\/li>\n<li>Mastercard<\/li>\n<\/ul>\n<h5>Enfants et lits<\/h5>\n<p>Tous les enfants sont les bienvenus. Possibilit\u00e9 d&rsquo;utiliser un lit b\u00e9b\u00e9 sur demande gratuit.<\/p>\n<p>Cet \u00e9tablissement ne peut pas accueillir de lits d&rsquo;appoint.<\/p>\n<p>Le nombre maximum de lits b\u00e9b\u00e9 d\u00e9pend de l&rsquo;h\u00e9bergement que vous choisissez. Veuillez v\u00e9rifier l&rsquo;occupation maximum de l&rsquo;h\u00e9bergement s\u00e9lectionn\u00e9.<\/p>\n<p>Tous les lits b\u00e9b\u00e9 et lits d&rsquo;appoint sont soumis \u00e0 disponibilit\u00e9.<\/p>\n<h5>Aucune restriction d&rsquo;\u00e2ge<\/h5>\n<p>Aucune restriction relative \u00e0 l&rsquo;\u00e2ge ne s&rsquo;applique pour l&rsquo;enregistrement.<\/p>\n<h5>Animaux domestiques<\/h5>\n<p>Les animaux de compagnie ne sont pas admis au sein de l&rsquo;\u00e9tablissement.<\/p>\n<\/div>\n<p><!--more--><br \/>\n<!-- {\"type\":\"layout\",\"children\":[{\"name\":\"header\",\"type\":\"section\",\"props\":{\"animation\":\"slide-left\",\"animation_delay\":\"200\",\"image_position\":\"center-center\",\"style\":\"default\",\"title_breakpoint\":\"xl\",\"title_position\":\"top-left\",\"title_rotation\":\"left\",\"vertical_align\":\"\",\"width\":\"default\"},\"children\":[{\"type\":\"row\",\"children\":[{\"type\":\"column\",\"props\":{\"image_position\":\"center-center\",\"position_sticky_breakpoint\":\"m\",\"width_medium\":\"1-1\"},\"children\":[{\"type\":\"headline\",\"props\":{\"content\":\"POLITIQUE DE R\\u00c9SERVATION\",\"title_element\":\"h1\",\"title_style\":\"h2\"}},{\"type\":\"headline\",\"props\":{\"content\":\"PLUS D'INFORMATIONS SUR L'H\\u00d4TEL POSEIDONIO\",\"margin\":\"remove-vertical\",\"title_element\":\"h2\",\"title_style\":\"h4\"}}]}]}]},{\"type\":\"section\",\"props\":{\"animation\":\"slide-bottom\",\"animation_delay\":\"200\",\"image_position\":\"center-center\",\"padding_remove_top\":true,\"style\":\"default\",\"title_breakpoint\":\"xl\",\"title_position\":\"top-left\",\"title_rotation\":\"left\",\"vertical_align\":\"\",\"width\":\"default\"},\"children\":[{\"type\":\"row\",\"children\":[{\"type\":\"column\",\"props\":{\"image_position\":\"center-center\",\"position_sticky_breakpoint\":\"m\",\"width_medium\":\"1-1\"},\"children\":[{\"type\":\"text\",\"props\":{\"column_breakpoint\":\"m\",\"content\":\"\n\n<h5>Prix r\\u00e9gulier (Frais r\\u00e9guliers)<\\\/h5>\\n\n\n<p>Pour les annulations au moins 21 jours avant votre arriv\\u00e9e, il n'y a pas de frais. En cas d'annulation ou de modification ult\\u00e9rieure, 30 % du montant total de la r\\u00e9servation vous seront factur\\u00e9s. A votre arriv\\u00e9e au secr\\u00e9tariat de notre h\\u00f4tel, vous avez la possibilit\\u00e9 de choisir le mode de paiement (carte, esp\\u00e8ces, paypal, etc.) pour ensuite effectuer le paiement final. En cas de d\\u00e9part plus t\\u00f4t que la date convenue, sans avertissement pr\\u00e9alable et accord de l'h\\u00f4tel, 100% du montant de la r\\u00e9servation vous sera factur\\u00e9. Vous serez \\u00e9galement factur\\u00e9 100% du montant de la r\\u00e9servation en cas de non-pr\\u00e9sentation.<\\\/p>\\n\n\n<h5>OFFRE SP\\u00c9CIALE (FRAIS NON REMBOURSABLES)<\\\/h5>\\n\n\n<p>Pour les frais non remboursables, votre carte sera d\\u00e9bit\\u00e9e du montant total de la r\\u00e9servation le jour de la r\\u00e9servation et de la confirmation de la r\\u00e9servation et ce montant n'est pas remboursable ! En cas de modification, d'annulation, de non-pr\\u00e9sentation, le montant total de la r\\u00e9servation vous sera factur\\u00e9.<\\\/p>\\n\n\n<h5>POLITIQUE D'ANNULATION<\\\/h5>\\n\n\n<p>En cas d'annulation, le client sera factur\\u00e9 :<\\\/p>\\n\n\n<ul>\\n\n\n<li>0% de la valeur totale si l'annulation est faite au moins 21 jours avant la date d'arriv\\u00e9e.<\\\/li>\\n\n\n<li>30% de la valeur totale de la r\\u00e9servation si la r\\u00e9servation est annul\\u00e9e moins de 21 jours \\u00e0 compter de la date d'arriv\\u00e9e pr\\u00e9vue.<\\\/li>\\n\n\n<li>100% de la valeur totale de la r\\u00e9servation si le client ne se pr\\u00e9sente pas (non show).<\\\/li>\\n\n\n<li>100% de la valeur totale de la r\\u00e9servation en cas de d\\u00e9part anticip\\u00e9, sans pr\\u00e9avis ni accord de l'h\\u00f4tel.<\\\/li>\\n\n\n<li>100 % de la valeur totale si les frais de r\\u00e9servation sont \\\"non remboursables\\\".<\\\/li>\\n<\\\/ul>\\n\n\n<h5>Parking<\\\/h5>\\n\n\n<p>Les options de stationnement suivantes sont propos\\u00e9es, sous r\\u00e9serve de disponibilit\\u00e9, aux clients s\\u00e9journant \\u00e0 l'\\u00e9tablissement Poseidonio Hotel :<\\\/p>\\n\n\n<ul>\\n\n\n<li>Parking<\\\/li>\\n\n\n<li>Parking gratuit<\\\/li>\\n\n\n<li>Places de stationnement dans la rue<\\\/li>\\n<\\\/ul>\\n\n\n<h5>\\u03a0\\u03c1\\u03c9\\u03b9\\u03bd\\u03cc<\\\/h5>\\n\n\n<p>Les clients ayant d\\u00e9j\\u00e0 s\\u00e9journ\\u00e9 \\u00e0 l'\\u00e9tablissement Poseidonio Hotel ont attribu\\u00e9 une tr\\u00e8s bonne note \\u00e0 son petit-d\\u00e9jeuner : 8.2. L'\\u00e9tablissement sert les types de petit-d\\u00e9jeuner suivants:<\\\/p>\\n\n\n<ul>\\n\n\n<li>Continental<\\\/li>\\n\n\n<li>Buffet<\\\/li>\\n<\\\/ul>\\n\n\n<h5>nombre de h\\u00e9bergements<\\\/h5>\\n\n\n<p>L'\\u00e9tablissement Poseidonio Hotel propose 31 h\\u00e9bergements.<\\\/p>\\n\n\n<h5>type de h\\u00e9bergements<\\\/h5>\\n\n\n<p>L'\\u00e9tablissement Poseidonio Hotel propose les options d'h\\u00e9bergement suivantes:<\\\/p>\\n\n\n<ul>\\n\n\n<li>Lit(s) Jumeaux\\\/Double<\\\/li>\\n\n\n<li>Triple<\\\/li>\\n\n\n<li>Familiale<\\\/li>\\n\n\n<li>Double<\\\/li>\\n<\\\/ul>\\n\n\n<h5>Check-in Check-out<\\\/h5>\\n\n\n<p>L'enregistrement \\u00e0 l'\\u00e9tablissement Poseidonio Hotel se fait \\u00e0 partir de 15h00 et le d\\u00e9part est possible jusqu'\\u00e0 11h00.<\\\/p>\\n\n\n<h5>Moyens de paiement<\\\/h5>\\n\n\n<p>Les moyens de paiement et le moment du r\\u00e8glement peuvent varier. L'\\u00e9tablissement Poseidonio Hotel accepte cependant les moyens de paiement suivants:<\\\/p>\\n\n\n<ul>\\n\n\n<li>Visa<\\\/li>\\n\n\n<li>Maestro<\\\/li>\\n\n\n<li>Mastercard<\\\/li>\\n<\\\/ul>\\n\n\n<h5>Enfants et lits<\\\/h5>\\n\n\n<p>Tous les enfants sont les bienvenus. Possibilit\\u00e9 d'utiliser un lit b\\u00e9b\\u00e9 sur demande gratuit.<\\\/p>\\n\n\n<p>Cet \\u00e9tablissement ne peut pas accueillir de lits d'appoint.<\\\/p>\\n\n\n<p>Le nombre maximum de lits b\\u00e9b\\u00e9 d\\u00e9pend de l'h\\u00e9bergement que vous choisissez. Veuillez v\\u00e9rifier l'occupation maximum de l'h\\u00e9bergement s\\u00e9lectionn\\u00e9.<\\\/p>\\n\n\n<p>Tous les lits b\\u00e9b\\u00e9 et lits d'appoint sont soumis \\u00e0 disponibilit\\u00e9.<\\\/p>\\n\n\n<h5>Aucune restriction d'\\u00e2ge<\\\/h5>\\n\n\n<p>Aucune restriction relative \\u00e0 l'\\u00e2ge ne s'applique pour l'enregistrement.<\\\/p>\\n\n\n<h5>Animaux domestiques<\\\/h5>\\n\n\n<p>Les animaux de compagnie ne sont pas admis au sein de l'\\u00e9tablissement.<\\\/p>\",\"margin\":\"default\"}}]}]}]}],\"version\":\"4.5.19\"} --><\/p>\n","protected":false},"excerpt":{"rendered":"<p>POLITIQUE DE R\u00c9SERVATION PLUS D&rsquo;INFORMATIONS SUR L&rsquo;H\u00d4TEL POSEIDONIO Prix r\u00e9gulier (Frais r\u00e9guliers) Pour les annulations au moins 21 jours avant votre arriv\u00e9e, il n&rsquo;y a pas de frais. En cas d&rsquo;annulation ou de modification ult\u00e9rieure, 30 % du montant total de la r\u00e9servation vous seront factur\u00e9s. A votre arriv\u00e9e au secr\u00e9tariat de notre h\u00f4tel, vous [&hellip;]<\/p>\n","protected":false},"author":1,"featured_media":0,"parent":0,"menu_order":0,"comment_status":"closed","ping_status":"closed","template":"","meta":{"footnotes":""},"class_list":["post-495","page","type-page","status-publish","hentry"],"aioseo_notices":[],"_links":{"self":[{"href":"https:\/\/poseidonio.gr\/fr\/wp-json\/wp\/v2\/pages\/495","targetHints":{"allow":["GET"]}}],"collection":[{"href":"https:\/\/poseidonio.gr\/fr\/wp-json\/wp\/v2\/pages"}],"about":[{"href":"https:\/\/poseidonio.gr\/fr\/wp-json\/wp\/v2\/types\/page"}],"author":[{"embeddable":true,"href":"https:\/\/poseidonio.gr\/fr\/wp-json\/wp\/v2\/users\/1"}],"replies":[{"embeddable":true,"href":"https:\/\/poseidonio.gr\/fr\/wp-json\/wp\/v2\/comments?post=495"}],"version-history":[{"count":1,"href":"https:\/\/poseidonio.gr\/fr\/wp-json\/wp\/v2\/pages\/495\/revisions"}],"predecessor-version":[{"id":1137,"href":"https:\/\/poseidonio.gr\/fr\/wp-json\/wp\/v2\/pages\/495\/revisions\/1137"}],"wp:attachment":[{"href":"https:\/\/poseidonio.gr\/fr\/wp-json\/wp\/v2\/media?parent=495"}],"curies":[{"name":"wp","href":"https:\/\/api.w.org\/{rel}","templated":true}]}}