{"id":496,"date":"2024-01-15T17:00:07","date_gmt":"2024-01-15T15:00:07","guid":{"rendered":"https:\/\/poseidonio.gr\/DEMO\/%cf%84%ce%bf%cf%80%ce%bf%ce%b8%ce%b5%cf%83%ce%af%ce%b1\/"},"modified":"2024-01-25T13:21:20","modified_gmt":"2024-01-25T11:21:20","slug":"location","status":"publish","type":"page","link":"https:\/\/poseidonio.gr\/fr\/location\/","title":{"rendered":"Localisation"},"content":{"rendered":"<h1>localisation<\/h1>\n<div>PLUS D&rsquo;INFORMATIONS SUR LES ITIN\u00c9RAIRES DE L&rsquo;\u00ceLE<\/div>\n<div>\n<p>Posidonio est situ\u00e9 dans le centre de Tinos, offrant aux clients un transfert pratique \u00e0 tous les lieux d&rsquo;int\u00e9r\u00eat dans le pays. C&rsquo;est sur le port \u00e0 quelques m\u00e8tres de la station de taxis et juste \u00e0 l&rsquo;arr\u00eat de bus. Notre-Dame de Tinos est \u00e0 seulement 400 m\u00e8tres!<\/p>\n<p><em>L&rsquo;endroit id\u00e9al pour vos vacances \u00e0 Tinos ou votre p\u00e8lerinage \u00e0 Tinos<\/em><\/p>\n<\/div>\n<ul>\n<li>\n<p>37.5374,25.1623<\/p>\n<h3>H\u00f4tel Poseidonio<\/h3>\n<\/li>\n<li>\n<p>37.5373,25.1624<\/p>\n<h3>Arr\u00eat de bus<\/h3>\n<\/li>\n<li>\n<p>37.5372,25.1629<\/p>\n<h3>Taxi<\/h3>\n<\/li>\n<li>\n<p>37.5359,25.1637<\/p>\n<h3>Fondation de la culture Tinienne<\/h3>\n<\/li>\n<li>\n<p>37.5369,25.1603<\/p>\n<h3>Monument \u00ab\u00a0Elli\u00a0\u00bb<\/h3>\n<\/li>\n<li>\n<p>37.5404,25.1620<\/p>\n<h3>Mus\u00e9e arch\u00e9ologique<\/h3>\n<\/li>\n<li>\n<p>37.5425,25.1627<\/p>\n<h3>Temple de l&rsquo; \u00c9vangeliste<\/h3>\n<\/li>\n<li>\n<p>37.5319,25.1630<\/p>\n<h3>Pasha Akrotiri<\/h3>\n<\/li>\n<li>\n<p>37.5388,25.1565<\/p>\n<h3>Port de Tinos<\/h3>\n<\/li>\n<li>\n<p>37.5520,25.1397<\/p>\n<h3>Plage de Kionia<\/h3>\n<\/li>\n<li>\n<p>37.5517,25.1426<\/p>\n<h3>Sanctuaire de Poseidon<\/h3>\n<\/li>\n<li>\n<p>37.5294,25.1817<\/p>\n<h3>Plage d&rsquo;Agios Fokas<\/h3>\n<\/li>\n<li>\n<p>37.5419,25.2300<\/p>\n<h3>Plage de Pahia Ammos<\/h3>\n<\/li>\n<\/ul>\n<h2>DISTANCES DE:<\/h2>\n<table>\n<tbody>\n<tr>\n<td>Arr\u00eat de bus<\/td>\n<td>1m<\/td>\n<\/tr>\n<tr>\n<td>Taxi<\/td>\n<td>100m<\/td>\n<\/tr>\n<tr>\n<td>Monument \u00ab\u00a0Elli\u00a0\u00bb<\/td>\n<td>100m<\/td>\n<\/tr>\n<tr>\n<td>Fondation de la culture Tinienne<\/td>\n<td>200m<\/td>\n<\/tr>\n<tr>\n<td>Mus\u00e9e arch\u00e9ologique<\/td>\n<td>400m<\/td>\n<\/tr>\n<tr>\n<td>Temple de l&rsquo; \u00c9vangeliste<\/td>\n<td>400m<\/td>\n<\/tr>\n<tr>\n<td>Pasha Akrotiri<\/td>\n<td>500m<\/td>\n<\/tr>\n<tr>\n<td>Port de Tinos<\/td>\n<td>600m<\/td>\n<\/tr>\n<tr>\n<td>Centre de sant\u00e9 de Tinos<\/td>\n<td>700m<\/td>\n<\/tr>\n<tr>\n<td>Sanctuaire de Poseidon<\/td>\n<td>2400m<\/td>\n<\/tr>\n<tr>\n<td>Plage de Kionia<\/td>\n<td>2700m<\/td>\n<\/tr>\n<tr>\n<td>Plage d&rsquo;Agios Fokas<\/td>\n<td>2700m<\/td>\n<\/tr>\n<tr>\n<td>Plage de Pahia Ammos<\/td>\n<td>6500m<\/td>\n<\/tr>\n<\/tbody>\n<\/table>\n<div>\n<h3>Plus d&rsquo;information<\/h3>\n<div>C&rsquo;est un h\u00f4tel familial dans le centre de Tinos, 2 \u00e9toiles, tout en \u00e9tant situ\u00e9 sur la plus belle \u00eele des Cyclades, au c\u0153ur du centre-ville historique, \u00e0 quelques m\u00e8tres du temple sacr\u00e9 d&rsquo;Evangelistria mais \u00e0 distance de marche du port de Tinos, pour acc\u00e8s direct!<\/p>\n<p>La vue de l&rsquo;h\u00f4tel est vraiment d\u00e9sarmante toute la journ\u00e9e et la nuit, combinant le blanc \u00e9blouissant des maisons cycladiques et le bleu-vert de la mer le jour et les lumi\u00e8res des centres de plage se refl\u00e9tant dans l&rsquo;eau la nuit.<\/p>\n<p>Nos chambres sont \u00e9quip\u00e9es de produits de haute qualit\u00e9 pour votre confort tels que les matelas Greco Strom et les t\u00e9l\u00e9viseurs LED Samsung. Les \u00e9quipements des chambres incluent le wifi gratuit, un coffre-fort, la climatisation, un r\u00e9frig\u00e9rateur et bien s\u00fbr des articles de toilette gratuits et un s\u00e8che-cheveux. Notre r\u00e9ception est toujours disponible pour vous servir 24h \/ 24 et 7j \/ 7 pendant que vous pourrez d\u00e9guster votre caf\u00e9 ou votre boisson dans le caf\u00e9 \/ bar de l&rsquo;h\u00f4tel. Vous trouverez plus d&rsquo;informations sur nos chambres dans l&rsquo;h\u00e9bergement!<\/p><\/div>\n<\/div>\n<p><!--more--><br \/>\n<!-- {\"type\":\"layout\",\"children\":[{\"name\":\"header\",\"type\":\"section\",\"props\":{\"image_position\":\"center-center\",\"style\":\"default\",\"title_breakpoint\":\"xl\",\"title_position\":\"top-left\",\"title_rotation\":\"left\",\"vertical_align\":\"middle\",\"width\":\"default\"},\"children\":[{\"type\":\"row\",\"children\":[{\"type\":\"column\",\"props\":{\"image_position\":\"center-center\",\"position_sticky_breakpoint\":\"m\",\"width_medium\":\"1-1\"},\"children\":[{\"type\":\"headline\",\"props\":{\"content\":\"localisation\",\"title_element\":\"h1\",\"title_style\":\"h2\"}},{\"type\":\"headline\",\"props\":{\"content\":\"PLUS D'INFORMATIONS SUR LES ITIN\\u00c9RAIRES DE L'\\u00ceLE\",\"margin\":\"remove-vertical\",\"title_element\":\"div\",\"title_style\":\"h4\"}},{\"type\":\"text\",\"props\":{\"column_breakpoint\":\"m\",\"content\":\"\n\n<p>Posidonio est situ\\u00e9 dans le centre de Tinos, offrant aux clients un transfert pratique \\u00e0 tous les lieux d'int\\u00e9r\\u00eat dans le pays. C'est sur le port \\u00e0 quelques m\\u00e8tres de la station de taxis et juste \\u00e0 l'arr\\u00eat de bus. Notre-Dame de Tinos est \\u00e0 seulement 400 m\\u00e8tres!<\\\/p>\\n\n\n<p><em>L'endroit id\\u00e9al pour vos vacances \\u00e0 Tinos ou votre p\\u00e8lerinage \\u00e0 Tinos<\\\/em><\\\/p>\",\"margin\":\"default\"}}]}]}]},{\"type\":\"section\",\"props\":{\"image_position\":\"center-center\",\"padding_remove_top\":true,\"style\":\"default\",\"title_breakpoint\":\"xl\",\"title_position\":\"top-left\",\"title_rotation\":\"left\",\"vertical_align\":\"middle\",\"width\":\"default\"},\"children\":[{\"type\":\"row\",\"props\":{\"layout\":\"2-3,1-3\"},\"children\":[{\"type\":\"column\",\"props\":{\"image_position\":\"center-center\",\"padding\":\"small\",\"position_sticky_breakpoint\":\"m\",\"width_medium\":\"2-3\"},\"children\":[{\"type\":\"map\",\"props\":{\"controls\":true,\"dragging\":true,\"height\":\"800\",\"image_svg_color\":\"emphasis\",\"link_style\":\"default\",\"link_text\":\"Read more\",\"margin\":\"default\",\"max_zoom\":18,\"meta_align\":\"below-title\",\"meta_element\":\"div\",\"meta_style\":\"text-meta\",\"min_zoom\":0,\"poi\":false,\"show_content\":true,\"show_image\":true,\"show_link\":true,\"show_meta\":true,\"show_title\":true,\"title_element\":\"h3\",\"title_hover_style\":\"reset\",\"type\":\"roadmap\",\"zoom\":\"14\",\"zooming\":true},\"children\":[{\"type\":\"map_item\",\"props\":{\"location\":\"37.5374,25.1623\",\"title\":\"H\\u00f4tel Poseidonio\"}},{\"type\":\"map_item\",\"props\":{\"location\":\"37.5373,25.1624\",\"title\":\"Arr\\u00eat de bus\"}},{\"type\":\"map_item\",\"props\":{\"location\":\"37.5372,25.1629\",\"title\":\"Taxi\"}},{\"type\":\"map_item\",\"props\":{\"location\":\"37.5359,25.1637\",\"title\":\"Fondation de la culture Tinienne\"}},{\"type\":\"map_item\",\"props\":{\"location\":\"37.5369,25.1603\",\"show_popup\":false,\"title\":\"Monument \\\"Elli\\\"\"}},{\"type\":\"map_item\",\"props\":{\"location\":\"37.5404,25.1620\",\"show_popup\":false,\"title\":\"Mus\\u00e9e arch\\u00e9ologique\"}},{\"type\":\"map_item\",\"props\":{\"location\":\"37.5425,25.1627\",\"show_popup\":false,\"title\":\"Temple de l' \\u00c9vangeliste\"}},{\"type\":\"map_item\",\"props\":{\"location\":\"37.5319,25.1630\",\"show_popup\":false,\"title\":\"Pasha Akrotiri\"}},{\"type\":\"map_item\",\"props\":{\"location\":\"37.5388,25.1565\",\"show_popup\":false,\"title\":\"Port de Tinos\"}},{\"type\":\"map_item\",\"props\":{\"location\":\"37.5520,25.1397\",\"show_popup\":false,\"title\":\"Plage de Kionia\"}},{\"type\":\"map_item\",\"props\":{\"location\":\"37.5517,25.1426\",\"show_popup\":false,\"title\":\"Sanctuaire de Poseidon\"}},{\"type\":\"map_item\",\"props\":{\"location\":\"37.5294,25.1817\",\"show_popup\":false,\"title\":\"Plage d'Agios Fokas\"}},{\"type\":\"map_item\",\"props\":{\"location\":\"37.5419,25.2300\",\"show_popup\":false,\"title\":\"Plage de Pahia Ammos\"}}]}]},{\"type\":\"column\",\"props\":{\"image_position\":\"center-center\",\"padding\":\"xsmall\",\"position_sticky_breakpoint\":\"m\",\"width_medium\":\"1-3\"},\"children\":[{\"type\":\"headline\",\"props\":{\"content\":\"DISTANCES DE:\",\"title_element\":\"h2\",\"title_style\":\"h3\"}},{\"type\":\"table\",\"props\":{\"animation\":\"scale-up\",\"content_style\":\"text-lead\",\"image_svg_color\":\"emphasis\",\"link_style\":\"default\",\"link_text\":\"Read more\",\"meta_style\":\"text-meta\",\"show_content\":true,\"show_image\":false,\"show_link\":false,\"show_meta\":true,\"show_title\":true,\"table_hover\":true,\"table_order\":\"6\",\"table_responsive\":\"overflow\",\"table_size\":\"small\",\"table_style\":\"striped\",\"table_width_meta\":\"medium\",\"table_width_title\":\"medium\"},\"children\":[{\"type\":\"table_item\",\"props\":{\"content\":\"1m\",\"title\":\"Arr\\u00eat de bus\"}},{\"type\":\"table_item\",\"props\":{\"content\":\"100m\",\"title\":\"Taxi\"}},{\"type\":\"table_item\",\"props\":{\"content\":\"100m\",\"meta\":\"\",\"title\":\"Monument \\\"Elli\\\"\"}},{\"type\":\"table_item\",\"props\":{\"content\":\"200m\",\"title\":\"Fondation de la culture Tinienne\"}},{\"type\":\"table_item\",\"props\":{\"content\":\"400m\",\"meta\":\"\",\"title\":\"Mus\\u00e9e arch\\u00e9ologique\"}},{\"type\":\"table_item\",\"props\":{\"content\":\"400m\",\"meta\":\"\",\"title\":\"Temple de l' \\u00c9vangeliste\"}},{\"type\":\"table_item\",\"props\":{\"content\":\"500m\",\"title\":\"Pasha Akrotiri\"}},{\"type\":\"table_item\",\"props\":{\"content\":\"600m\",\"meta\":\"\",\"title\":\"Port de Tinos\"}},{\"type\":\"table_item\",\"props\":{\"content\":\"700m\",\"title\":\"Centre de sant\\u00e9 de Tinos\"}},{\"type\":\"table_item\",\"props\":{\"content\":\"2400m\",\"meta\":\"\",\"title\":\"Sanctuaire de Poseidon\"}},{\"type\":\"table_item\",\"props\":{\"content\":\"2700m\",\"meta\":\"\",\"title\":\"Plage de Kionia\"}},{\"type\":\"table_item\",\"props\":{\"content\":\"2700m\",\"meta\":\"\",\"title\":\"Plage d'Agios Fokas\"}},{\"type\":\"table_item\",\"props\":{\"content\":\"6500m\",\"meta\":\"\",\"title\":\"Plage de Pahia Ammos\"}}]}]}]},{\"type\":\"row\",\"children\":[{\"type\":\"column\",\"props\":{\"image_position\":\"center-center\",\"position_sticky_breakpoint\":\"m\"},\"children\":[{\"type\":\"accordion\",\"props\":{\"collapsible\":true,\"content_column_breakpoint\":\"m\",\"image_align\":\"top\",\"image_grid_breakpoint\":\"m\",\"image_grid_width\":\"1-2\",\"image_svg_color\":\"emphasis\",\"link_style\":\"default\",\"link_text\":\"Read more\",\"show_image\":true,\"show_link\":true},\"children\":[{\"type\":\"accordion_item\",\"props\":{\"content\":\"C'est un h\\u00f4tel familial dans le centre de Tinos, 2 \\u00e9toiles, tout en \\u00e9tant situ\\u00e9 sur la plus belle \\u00eele des Cyclades, au c\\u0153ur du centre-ville historique, \\u00e0 quelques m\\u00e8tres du temple sacr\\u00e9 d'Evangelistria mais \\u00e0 distance de marche du port de Tinos, pour acc\\u00e8s direct!\\n\\nLa vue de l'h\\u00f4tel est vraiment d\\u00e9sarmante toute la journ\\u00e9e et la nuit, combinant le blanc \\u00e9blouissant des maisons cycladiques et le bleu-vert de la mer le jour et les lumi\\u00e8res des centres de plage se refl\\u00e9tant dans l'eau la nuit.\\n\\nNos chambres sont \\u00e9quip\\u00e9es de produits de haute qualit\\u00e9 pour votre confort tels que les matelas Greco Strom et les t\\u00e9l\\u00e9viseurs LED Samsung. Les \\u00e9quipements des chambres incluent le wifi gratuit, un coffre-fort, la climatisation, un r\\u00e9frig\\u00e9rateur et bien s\\u00fbr des articles de toilette gratuits et un s\\u00e8che-cheveux. Notre r\\u00e9ception est toujours disponible pour vous servir 24h \\\/ 24 et 7j \\\/ 7 pendant que vous pourrez d\\u00e9guster votre caf\\u00e9 ou votre boisson dans le caf\\u00e9 \\\/ bar de l'h\\u00f4tel. Vous trouverez plus d'informations sur nos chambres dans l'h\\u00e9bergement!\",\"title\":\"Plus d'information\"}}]}]}]}]}],\"version\":\"4.2.12\"} --><\/p>\n","protected":false},"excerpt":{"rendered":"<p>localisation PLUS D&rsquo;INFORMATIONS SUR LES ITIN\u00c9RAIRES DE L&rsquo;\u00ceLE Posidonio est situ\u00e9 dans le centre de Tinos, offrant aux clients un transfert pratique \u00e0 tous les lieux d&rsquo;int\u00e9r\u00eat dans le pays. C&rsquo;est sur le port \u00e0 quelques m\u00e8tres de la station de taxis et juste \u00e0 l&rsquo;arr\u00eat de bus. Notre-Dame de Tinos est \u00e0 seulement 400 [&hellip;]<\/p>\n","protected":false},"author":1,"featured_media":0,"parent":0,"menu_order":0,"comment_status":"closed","ping_status":"closed","template":"","meta":{"footnotes":""},"class_list":["post-496","page","type-page","status-publish","hentry"],"aioseo_notices":[],"_links":{"self":[{"href":"https:\/\/poseidonio.gr\/fr\/wp-json\/wp\/v2\/pages\/496","targetHints":{"allow":["GET"]}}],"collection":[{"href":"https:\/\/poseidonio.gr\/fr\/wp-json\/wp\/v2\/pages"}],"about":[{"href":"https:\/\/poseidonio.gr\/fr\/wp-json\/wp\/v2\/types\/page"}],"author":[{"embeddable":true,"href":"https:\/\/poseidonio.gr\/fr\/wp-json\/wp\/v2\/users\/1"}],"replies":[{"embeddable":true,"href":"https:\/\/poseidonio.gr\/fr\/wp-json\/wp\/v2\/comments?post=496"}],"version-history":[{"count":0,"href":"https:\/\/poseidonio.gr\/fr\/wp-json\/wp\/v2\/pages\/496\/revisions"}],"wp:attachment":[{"href":"https:\/\/poseidonio.gr\/fr\/wp-json\/wp\/v2\/media?parent=496"}],"curies":[{"name":"wp","href":"https:\/\/api.w.org\/{rel}","templated":true}]}}