{"id":498,"date":"2024-01-15T18:22:34","date_gmt":"2024-01-15T16:22:34","guid":{"rendered":"https:\/\/poseidonio.gr\/DEMO\/%cf%87%ce%ac%cf%81%cf%84%ce%b7%cf%82-%ce%b9%cf%83%cf%84%ce%bf%cf%83%ce%b5%ce%bb%ce%af%ce%b4%ce%b1%cf%82\/"},"modified":"2025-02-20T19:09:55","modified_gmt":"2025-02-20T17:09:55","slug":"sitemap","status":"publish","type":"page","link":"https:\/\/poseidonio.gr\/fr\/sitemap\/","title":{"rendered":"Plan du site"},"content":{"rendered":"<h1>plan du site<\/h1>\n<div>\n<p><a href=\"https:\/\/poseidonio.gr\/fr\/\">H\u00f4tel Poseidonio Tinos<\/a><br \/>Posidonio est un h\u00f4tel familial \u00e0 Tinos, 2 \u00e9toiles, situ\u00e9 sur la plus belle \u00eele des Cyclades de Tinos.<\/p>\n<p>H\u00e9bergement \u00e0 Poseidonio<br \/>Toutes les chambres sont \u00e9quip\u00e9es de produits de haute qualit\u00e9 pour votre confort, tels que les matelas Greco Strom et les t\u00e9l\u00e9visions Samsung Led TV.<\/p>\n<ul>\n<li><a href=\"\/fr\/chambre-double-standard-sans-balcon\/\">Standard Double Room with 1 Double bed No Balcony<\/a><\/li>\n<li><a href=\"\/fr\/standard-twin-room-no-balcony\/\">Standard Twin Room No Balcony<\/a><\/li>\n<li><a href=\"\/fr\/chambre-double-standard\/\">Standard Double Room With 1 Double Bed and Partial Sea View<\/a><\/li>\n<li><a href=\"\/fr\/standard-twin-room-with-two-single-beds-partial-sea-view\/\">Standard Twin Room with Partial Sea View<\/a><\/li>\n<li><a href=\"\/fr\/double-standard-vue-mer\/\">Standard Double with 1 Double Bed with Sea View<\/a><\/li>\n<li><a href=\"\/fr\/standard-twin-room-with-two-single-beds-with-sea-view\/\">Standard Twin Room With Sea View<\/a><\/li>\n<li><a href=\"\/fr\/chambre-triple-standard-vue-mer\/\">Standard Triple Room with Sea View (3 single beds)<\/a><\/li>\n<li><a href=\"\/fr\/superior-double-room-with-1-double-bed-and-partial-sea-view\/\">Superior Double Room with 1 Double Bed with Partial Sea View<\/a><\/li>\n<li><a href=\"\/fr\/chambre-double-superieure-balcon\/\">Superior Double Room With 1 Double Bed With Sea View<\/a><\/li>\n<li><a href=\"\/fr\/chambre-double-superieure-sans-balcon\/\">Superior Double Room with 1 Double Bed No Balcony<\/a><\/li>\n<li><a href=\"\/fr\/chambre-triple-comfort\/\">Comfort Triple Room No Balcony (1 single bed and 1 double bed)<\/a><\/li>\n<li><a href=\"\/fr\/chambre-de-famille\/\">Family Room with Balcony and Partial Sea View<\/a><\/li>\n<li><a href=\"\/fr\/chambre-double-deluxe\/\">Deluxe Room \u2013 King Size Bed With Sea View And Private Jacuzzi<\/a><\/li>\n<\/ul>\n<p><a href=\"\/fr\/location\/\">Localisation<\/a><br \/>Posidonio est situ\u00e9 dans le centre de Tinos, offrant aux clients un transfert pratique \u00e0 tous les lieux d&rsquo;int\u00e9r\u00eat dans le pays.<\/p>\n<p><a href=\"\/fr\/tinos-island\/\">Tinos<\/a><br \/>En savoir plus sur les villages de Tinos, les activit\u00e9s de l&rsquo;\u00eele et les sites que vous devez visiter.<\/p>\n<p><a href=\"\/fr\/contact\/\">Contactez Nous<\/a><br \/>Contactez l&rsquo;H\u00f4tel Posidonio pour plus d&rsquo;informations et r\u00e9servations.<\/p>\n<p><a href=\"\/fr\/booking-policy\/\">Politique de r\u00e9servation<\/a><br \/>Lisez la politique de r\u00e9servations de chambres pour l&rsquo;h\u00f4tel Poseidonio et d\u00e9couvrez vos obligations et vos droits.<\/p>\n<p><a href=\"\/fr\/cookie-policy\/\">Politique de cookies<\/a><br \/>Lisez la politique de cookies sur le site de Poseidonio.<\/p>\n<p><a href=\"\/fr\/poseidonio-hotel\/\">L&rsquo;H\u00f4tel<\/a><br \/>Hotel Posidonio, en savoir plus sur nous, l&rsquo;h\u00f4tel et les installations que nous offrons.<\/p>\n<p><a href=\"https:\/\/poseidonio.gr\/en\/\">Version Anglaise<\/a><br \/>Visitez la version Anglaise du site et consultez l&rsquo;h\u00f4tel Poseidonio.<\/p>\n<p><a href=\"https:\/\/poseidonio.gr\/\">Version Grecque<\/a><br \/>Visitez la version Grecque du site et consultez l&rsquo;h\u00f4tel Poseidonio.<\/p>\n<\/div>\n<p><!--more--><br \/>\n<!-- {\"type\":\"layout\",\"children\":[{\"name\":\"header\",\"type\":\"section\",\"props\":{\"animation\":\"slide-left\",\"animation_delay\":\"200\",\"image_position\":\"center-center\",\"style\":\"default\",\"title_breakpoint\":\"xl\",\"title_position\":\"top-left\",\"title_rotation\":\"left\",\"vertical_align\":\"\",\"width\":\"default\"},\"children\":[{\"type\":\"row\",\"children\":[{\"type\":\"column\",\"props\":{\"image_position\":\"center-center\",\"position_sticky_breakpoint\":\"m\",\"width_medium\":\"1-1\"},\"children\":[{\"type\":\"headline\",\"props\":{\"content\":\"plan du site\",\"title_element\":\"h1\",\"title_style\":\"h2\"}}]}]}]},{\"type\":\"section\",\"props\":{\"animation\":\"slide-bottom\",\"animation_delay\":\"200\",\"image_position\":\"center-center\",\"padding_remove_top\":true,\"style\":\"default\",\"title_breakpoint\":\"xl\",\"title_position\":\"top-left\",\"title_rotation\":\"left\",\"vertical_align\":\"\",\"width\":\"default\"},\"children\":[{\"type\":\"row\",\"children\":[{\"type\":\"column\",\"props\":{\"image_position\":\"center-center\",\"position_sticky_breakpoint\":\"m\",\"width_medium\":\"1-1\"},\"children\":[{\"type\":\"text\",\"props\":{\"column_breakpoint\":\"m\",\"content\":\"\n\n<p><a href=\\\"https:\\\/\\\/poseidonio.gr\\\/fr\\\/\\\">H\\u00f4tel Poseidonio Tinos<\\\/a><br \\\/>Posidonio est un h\\u00f4tel familial \\u00e0 Tinos, 2 \\u00e9toiles, situ\\u00e9 sur la plus belle \\u00eele des Cyclades de Tinos.<\\\/p>\\n\n\n<p>H\\u00e9bergement \\u00e0 Poseidonio<br \\\/>Toutes les chambres sont \\u00e9quip\\u00e9es de produits de haute qualit\\u00e9 pour votre confort, tels que les matelas Greco Strom et les t\\u00e9l\\u00e9visions Samsung Led TV.<\\\/p>\\n\n\n<ul>\\n\n\n<li><a href=\\\"\\\/fr\\\/chambre-double-standard-sans-balcon\\\/\\\">Standard Double Room with 1 Double bed No Balcony<\\\/a><\\\/li>\\n\n\n<li><a href=\\\"\\\/fr\\\/standard-twin-room-no-balcony\\\/\\\">Standard Twin Room No Balcony<\\\/a><\\\/li>\\n\n\n<li><a href=\\\"\\\/fr\\\/chambre-double-standard\\\/\\\">Standard Double Room With 1 Double Bed and Partial Sea View<\\\/a><\\\/li>\\n\n\n<li><a href=\\\"\\\/fr\\\/standard-twin-room-with-two-single-beds-partial-sea-view\\\/\\\">Standard Twin Room with Partial Sea View<\\\/a><\\\/li>\\n\n\n<li><a href=\\\"\\\/fr\\\/double-standard-vue-mer\\\/\\\">Standard Double with 1 Double Bed with Sea View<\\\/a><\\\/li>\\n\n\n<li><a href=\\\"\\\/fr\\\/standard-twin-room-with-two-single-beds-with-sea-view\\\/\\\">Standard Twin Room With Sea View<\\\/a><\\\/li>\\n\n\n<li><a href=\\\"\\\/fr\\\/chambre-triple-standard-vue-mer\\\/\\\">Standard Triple Room with Sea View (3 single beds)<\\\/a><\\\/li>\\n\n\n<li><a href=\\\"\\\/fr\\\/superior-double-room-with-1-double-bed-and-partial-sea-view\\\/\\\">Superior Double Room with 1 Double Bed with Partial Sea View<\\\/a><\\\/li>\\n\n\n<li><a href=\\\"\\\/fr\\\/chambre-double-superieure-balcon\\\/\\\">Superior Double Room With 1 Double Bed With Sea View<\\\/a><\\\/li>\\n\n\n<li><a href=\\\"\\\/fr\\\/chambre-double-superieure-sans-balcon\\\/\\\">Superior Double Room with 1 Double Bed No Balcony<\\\/a><\\\/li>\\n\n\n<li><a href=\\\"\\\/fr\\\/chambre-triple-comfort\\\/\\\">Comfort Triple Room No Balcony (1 single bed and 1 double bed)<\\\/a><\\\/li>\\n\n\n<li><a href=\\\"\\\/fr\\\/chambre-de-famille\\\/\\\">Family Room with Balcony and Partial Sea View<\\\/a><\\\/li>\\n\n\n<li><a href=\\\"\\\/fr\\\/chambre-double-deluxe\\\/\\\">Deluxe Room \\u2013 King Size Bed With Sea View And Private Jacuzzi<\\\/a><\\\/li>\\n<\\\/ul>\\n\n\n<p><a href=\\\"\\\/fr\\\/location\\\/\\\">Localisation<\\\/a><br \\\/>Posidonio est situ\\u00e9 dans le centre de Tinos, offrant aux clients un transfert pratique \\u00e0 tous les lieux d'int\\u00e9r\\u00eat dans le pays.<\\\/p>\\n\n\n<p><a href=\\\"\\\/fr\\\/tinos-island\\\/\\\">Tinos<\\\/a><br \\\/>En savoir plus sur les villages de Tinos, les activit\\u00e9s de l'\\u00eele et les sites que vous devez visiter.<\\\/p>\\n\n\n<p><a href=\\\"\\\/fr\\\/contact\\\/\\\">Contactez Nous<\\\/a><br \\\/>Contactez l'H\\u00f4tel Posidonio pour plus d'informations et r\\u00e9servations.<\\\/p>\\n\n\n<p><a href=\\\"\\\/fr\\\/booking-policy\\\/\\\">Politique de r\\u00e9servation<\\\/a><br \\\/>Lisez la politique de r\\u00e9servations de chambres pour l'h\\u00f4tel Poseidonio et d\\u00e9couvrez vos obligations et vos droits.<\\\/p>\\n\n\n<p><a href=\\\"\\\/fr\\\/cookie-policy\\\/\\\">Politique de cookies<\\\/a><br \\\/>Lisez la politique de cookies sur le site de Poseidonio.<\\\/p>\\n\n\n<p><a href=\\\"\\\/fr\\\/poseidonio-hotel\\\/\\\">L'H\\u00f4tel<\\\/a><br \\\/>Hotel Posidonio, en savoir plus sur nous, l'h\\u00f4tel et les installations que nous offrons.<\\\/p>\\n\n\n<p><a href=\\\"https:\\\/\\\/poseidonio.gr\\\/en\\\/\\\">Version Anglaise<\\\/a><br \\\/>Visitez la version Anglaise du site et consultez l'h\\u00f4tel Poseidonio.<\\\/p>\\n\n\n<p><a href=\\\"https:\\\/\\\/poseidonio.gr\\\/\\\">Version Grecque<\\\/a><br \\\/>Visitez la version Grecque du site et consultez l'h\\u00f4tel Poseidonio.<\\\/p>\",\"margin\":\"default\"}}]}]}]}],\"version\":\"4.5.4\"} --><\/p>\n","protected":false},"excerpt":{"rendered":"<p>plan du site H\u00f4tel Poseidonio TinosPosidonio est un h\u00f4tel familial \u00e0 Tinos, 2 \u00e9toiles, situ\u00e9 sur la plus belle \u00eele des Cyclades de Tinos. H\u00e9bergement \u00e0 PoseidonioToutes les chambres sont \u00e9quip\u00e9es de produits de haute qualit\u00e9 pour votre confort, tels que les matelas Greco Strom et les t\u00e9l\u00e9visions Samsung Led TV. Standard Double Room with [&hellip;]<\/p>\n","protected":false},"author":1,"featured_media":0,"parent":0,"menu_order":0,"comment_status":"closed","ping_status":"closed","template":"","meta":{"footnotes":""},"class_list":["post-498","page","type-page","status-publish","hentry"],"aioseo_notices":[],"_links":{"self":[{"href":"https:\/\/poseidonio.gr\/fr\/wp-json\/wp\/v2\/pages\/498","targetHints":{"allow":["GET"]}}],"collection":[{"href":"https:\/\/poseidonio.gr\/fr\/wp-json\/wp\/v2\/pages"}],"about":[{"href":"https:\/\/poseidonio.gr\/fr\/wp-json\/wp\/v2\/types\/page"}],"author":[{"embeddable":true,"href":"https:\/\/poseidonio.gr\/fr\/wp-json\/wp\/v2\/users\/1"}],"replies":[{"embeddable":true,"href":"https:\/\/poseidonio.gr\/fr\/wp-json\/wp\/v2\/comments?post=498"}],"version-history":[{"count":4,"href":"https:\/\/poseidonio.gr\/fr\/wp-json\/wp\/v2\/pages\/498\/revisions"}],"predecessor-version":[{"id":1062,"href":"https:\/\/poseidonio.gr\/fr\/wp-json\/wp\/v2\/pages\/498\/revisions\/1062"}],"wp:attachment":[{"href":"https:\/\/poseidonio.gr\/fr\/wp-json\/wp\/v2\/media?parent=498"}],"curies":[{"name":"wp","href":"https:\/\/api.w.org\/{rel}","templated":true}]}}